{"id":49,"date":"2021-11-10T23:12:52","date_gmt":"2021-11-10T23:12:52","guid":{"rendered":"https:\/\/themenectar.com\/salient\/resort\/?page_id=49"},"modified":"2025-11-21T15:12:10","modified_gmt":"2025-11-21T15:12:10","slug":"paradox-blog","status":"publish","type":"page","link":"https:\/\/paradox-larochelle.fr\/?page_id=49","title":{"rendered":"BLOG"},"content":{"rendered":"[vc_row type=\u00a0\u00bbfull_width_content\u00a0\u00bb full_screen_row_position=\u00a0\u00bbmiddle\u00a0\u00bb column_margin=\u00a0\u00bbdefault\u00a0\u00bb column_direction=\u00a0\u00bbdefault\u00a0\u00bb column_direction_tablet=\u00a0\u00bbdefault\u00a0\u00bb column_direction_phone=\u00a0\u00bbdefault\u00a0\u00bb scene_position=\u00a0\u00bbcenter\u00a0\u00bb left_padding_desktop=\u00a0\u00bb5%\u00a0\u00bb constrain_group_2=\u00a0\u00bbyes\u00a0\u00bb right_padding_desktop=\u00a0\u00bb5%\u00a0\u00bb left_padding_phone=\u00a0\u00bb0&Prime; constrain_group_6=\u00a0\u00bbyes\u00a0\u00bb right_padding_phone=\u00a0\u00bb0&Prime; text_color=\u00a0\u00bbdark\u00a0\u00bb text_align=\u00a0\u00bbleft\u00a0\u00bb row_border_radius=\u00a0\u00bbnone\u00a0\u00bb row_border_radius_applies=\u00a0\u00bbbg\u00a0\u00bb overflow=\u00a0\u00bbvisible\u00a0\u00bb advanced_gradient_angle=\u00a0\u00bb0&Prime; overlay_strength=\u00a0\u00bb0.3&Prime; gradient_direction=\u00a0\u00bbleft_to_right\u00a0\u00bb shape_divider_position=\u00a0\u00bbbottom\u00a0\u00bb bg_image_animation=\u00a0\u00bbnone\u00a0\u00bb gradient_type=\u00a0\u00bbdefault\u00a0\u00bb shape_type=\u00a0\u00bb\u00a0\u00bb][vc_column column_padding=\u00a0\u00bbno-extra-padding\u00a0\u00bb column_padding_tablet=\u00a0\u00bbinherit\u00a0\u00bb column_padding_phone=\u00a0\u00bbinherit\u00a0\u00bb column_padding_position=\u00a0\u00bball\u00a0\u00bb column_element_spacing=\u00a0\u00bbdefault\u00a0\u00bb background_color_opacity=\u00a0\u00bb1&Prime; background_hover_color_opacity=\u00a0\u00bb1&Prime; column_shadow=\u00a0\u00bbnone\u00a0\u00bb column_border_radius=\u00a0\u00bbnone\u00a0\u00bb column_link_target=\u00a0\u00bb_self\u00a0\u00bb column_position=\u00a0\u00bbdefault\u00a0\u00bb advanced_gradient_angle=\u00a0\u00bb0&Prime; gradient_direction=\u00a0\u00bbleft_to_right\u00a0\u00bb overlay_strength=\u00a0\u00bb0.3&Prime; width=\u00a0\u00bb1\/1&Prime; tablet_width_inherit=\u00a0\u00bbdefault\u00a0\u00bb tablet_text_alignment=\u00a0\u00bbdefault\u00a0\u00bb phone_text_alignment=\u00a0\u00bbdefault\u00a0\u00bb animation_type=\u00a0\u00bbdefault\u00a0\u00bb enable_animation=\u00a0\u00bbtrue\u00a0\u00bb animation=\u00a0\u00bbfade-in-from-bottom\u00a0\u00bb mobile_disable_entrance_animation=\u00a0\u00bbtrue\u00a0\u00bb bg_image_animation=\u00a0\u00bbnone\u00a0\u00bb border_type=\u00a0\u00bbsimple\u00a0\u00bb column_border_width=\u00a0\u00bbnone\u00a0\u00bb column_border_style=\u00a0\u00bbsolid\u00a0\u00bb gradient_type=\u00a0\u00bbdefault\u00a0\u00bb delay=\u00a0\u00bb500&Prime; animation_offset=\u00a0\u00bb99%\u00a0\u00bb][nectar_post_grid post_type=\u00a0\u00bbpost\u00a0\u00bb blog_category=\u00a0\u00bball\u00a0\u00bb order=\u00a0\u00bbDESC\u00a0\u00bb orderby=\u00a0\u00bbdate\u00a0\u00bb pagination=\u00a0\u00bbload-more\u00a0\u00bb button_color=\u00a0\u00bbblack\u00a0\u00bb columns=\u00a0\u00bb4&Prime; grid_item_spacing=\u00a0\u00bb35px\u00a0\u00bb grid_item_height=\u00a0\u00bb50vh\u00a0\u00bb image_size=\u00a0\u00bbfull\u00a0\u00bb aspect_ratio_image_size=\u00a0\u00bbyes\u00a0\u00bb custom_image_aspect_ratio=\u00a0\u00bb1-1&Prime; image_loading=\u00a0\u00bbdefault\u00a0\u00bb animation=\u00a0\u00bbnone\u00a0\u00bb heading_tag=\u00a0\u00bbdefault\u00a0\u00bb category_position=\u00a0\u00bbdefault\u00a0\u00bb display_excerpt=\u00a0\u00bbyes\u00a0\u00bb grid_style=\u00a0\u00bbcontent_under_image\u00a0\u00bb content_under_image_text_align=\u00a0\u00bbleft\u00a0\u00bb text_color=\u00a0\u00bbdark\u00a0\u00bb hover_effect=\u00a0\u00bbanimated_underline_zoom\u00a0\u00bb border_radius=\u00a0\u00bbnone\u00a0\u00bb shadow_on_hover=\u00a0\u00bbyes\u00a0\u00bb custom_font_size=\u00a0\u00bb1.5vw\u00a0\u00bb posts_per_page=\u00a0\u00bb12&Prime;][\/vc_column][\/vc_row]\n","protected":false},"excerpt":{"rendered":"<p>[vc_row type=\u00a0\u00bbfull_width_content\u00a0\u00bb full_screen_row_position=\u00a0\u00bbmiddle\u00a0\u00bb column_margin=\u00a0\u00bbdefault\u00a0\u00bb column_direction=\u00a0\u00bbdefault\u00a0\u00bb column_direction_tablet=\u00a0\u00bbdefault\u00a0\u00bb column_direction_phone=\u00a0\u00bbdefault\u00a0\u00bb scene_position=\u00a0\u00bbcenter\u00a0\u00bb left_padding_desktop=\u00a0\u00bb5%\u00a0\u00bb constrain_group_2=\u00a0\u00bbyes\u00a0\u00bb right_padding_desktop=\u00a0\u00bb5%\u00a0\u00bb left_padding_phone=\u00a0\u00bb0&Prime; constrain_group_6=\u00a0\u00bbyes\u00a0\u00bb right_padding_phone=\u00a0\u00bb0&Prime; text_color=\u00a0\u00bbdark\u00a0\u00bb text_align=\u00a0\u00bbleft\u00a0\u00bb row_border_radius=\u00a0\u00bbnone\u00a0\u00bb row_border_radius_applies=\u00a0\u00bbbg\u00a0\u00bb overflow=\u00a0\u00bbvisible\u00a0\u00bb advanced_gradient_angle=\u00a0\u00bb0&Prime; overlay_strength=\u00a0\u00bb0.3&Prime; gradient_direction=\u00a0\u00bbleft_to_right\u00a0\u00bb shape_divider_position=\u00a0\u00bbbottom\u00a0\u00bb bg_image_animation=\u00a0\u00bbnone\u00a0\u00bb gradient_type=\u00a0\u00bbdefault\u00a0\u00bb shape_type=\u00a0\u00bb\u00a0\u00bb][vc_column column_padding=\u00a0\u00bbno-extra-padding\u00a0\u00bb column_padding_tablet=\u00a0\u00bbinherit\u00a0\u00bb column_padding_phone=\u00a0\u00bbinherit\u00a0\u00bb column_padding_position=\u00a0\u00bball\u00a0\u00bb&#8230;<\/p>\n","protected":false},"author":1,"featured_media":0,"parent":0,"menu_order":0,"comment_status":"closed","ping_status":"closed","template":"","meta":{"footnotes":""},"class_list":["post-49","page","type-page","status-publish"],"yoast_head":"<!-- This site is optimized with the Yoast SEO plugin v27.3 - https:\/\/yoast.com\/product\/yoast-seo-wordpress\/ -->\n<title>BLOG - Paradox Studio La Rochelle | Reformer Yoga Pilates Danse<\/title>\n<meta name=\"description\" content=\"A travers notre blog Paradox, d\u00e9nichez des conseils mouvement\u00e9s, recettes secr\u00e8tes et les actualit\u00e9s les plus fra\u00eeches de Paradox.\" \/>\n<meta name=\"robots\" content=\"noindex, follow, max-snippet:-1, max-image-preview:large, max-video-preview:-1\" \/>\n<meta property=\"og:locale\" content=\"fr_FR\" \/>\n<meta property=\"og:type\" content=\"article\" \/>\n<meta property=\"og:title\" content=\"BLOG - Paradox Studio La Rochelle | Reformer Yoga Pilates Danse\" \/>\n<meta property=\"og:description\" content=\"A travers notre blog Paradox, d\u00e9nichez des conseils mouvement\u00e9s, recettes secr\u00e8tes et les actualit\u00e9s les plus fra\u00eeches de Paradox.\" \/>\n<meta property=\"og:url\" content=\"https:\/\/paradox-larochelle.fr\/?page_id=49\" \/>\n<meta property=\"og:site_name\" content=\"Paradox Studio La Rochelle | Reformer Yoga Pilates Danse\" \/>\n<meta property=\"article:modified_time\" content=\"2025-11-21T15:12:10+00:00\" \/>\n<meta name=\"twitter:card\" content=\"summary_large_image\" \/>\n<meta name=\"twitter:label1\" content=\"Dur\u00e9e de lecture estim\u00e9e\" \/>\n\t<meta name=\"twitter:data1\" content=\"1 minute\" \/>\n<script type=\"application\/ld+json\" class=\"yoast-schema-graph\">{\"@context\":\"https:\\\/\\\/schema.org\",\"@graph\":[{\"@type\":\"WebPage\",\"@id\":\"https:\\\/\\\/paradox-larochelle.fr\\\/?page_id=49\",\"url\":\"https:\\\/\\\/paradox-larochelle.fr\\\/?page_id=49\",\"name\":\"BLOG - Paradox Studio La Rochelle | Reformer Yoga Pilates Danse\",\"isPartOf\":{\"@id\":\"https:\\\/\\\/paradox-larochelle.fr\\\/#website\"},\"datePublished\":\"2021-11-10T23:12:52+00:00\",\"dateModified\":\"2025-11-21T15:12:10+00:00\",\"description\":\"A travers notre blog Paradox, d\u00e9nichez des conseils mouvement\u00e9s, recettes secr\u00e8tes et les actualit\u00e9s les plus fra\u00eeches de Paradox.\",\"breadcrumb\":{\"@id\":\"https:\\\/\\\/paradox-larochelle.fr\\\/?page_id=49#breadcrumb\"},\"inLanguage\":\"fr-FR\",\"potentialAction\":[{\"@type\":\"ReadAction\",\"target\":[\"https:\\\/\\\/paradox-larochelle.fr\\\/?page_id=49\"]}]},{\"@type\":\"BreadcrumbList\",\"@id\":\"https:\\\/\\\/paradox-larochelle.fr\\\/?page_id=49#breadcrumb\",\"itemListElement\":[{\"@type\":\"ListItem\",\"position\":1,\"name\":\"Accueil\",\"item\":\"https:\\\/\\\/paradox-larochelle.fr\\\/\"},{\"@type\":\"ListItem\",\"position\":2,\"name\":\"BLOG\"}]},{\"@type\":\"WebSite\",\"@id\":\"https:\\\/\\\/paradox-larochelle.fr\\\/#website\",\"url\":\"https:\\\/\\\/paradox-larochelle.fr\\\/\",\"name\":\"Paradox Studio La Rochelle | Reformer Yoga Pilates Danse\",\"description\":\"Reformer, Yoga, Pilates, Danse\",\"publisher\":{\"@id\":\"https:\\\/\\\/paradox-larochelle.fr\\\/#organization\"},\"potentialAction\":[{\"@type\":\"SearchAction\",\"target\":{\"@type\":\"EntryPoint\",\"urlTemplate\":\"https:\\\/\\\/paradox-larochelle.fr\\\/?s={search_term_string}\"},\"query-input\":{\"@type\":\"PropertyValueSpecification\",\"valueRequired\":true,\"valueName\":\"search_term_string\"}}],\"inLanguage\":\"fr-FR\"},{\"@type\":\"Organization\",\"@id\":\"https:\\\/\\\/paradox-larochelle.fr\\\/#organization\",\"name\":\"Paradox La Rochelle\",\"url\":\"https:\\\/\\\/paradox-larochelle.fr\\\/\",\"logo\":{\"@type\":\"ImageObject\",\"inLanguage\":\"fr-FR\",\"@id\":\"https:\\\/\\\/paradox-larochelle.fr\\\/#\\\/schema\\\/logo\\\/image\\\/\",\"url\":\"https:\\\/\\\/paradox-larochelle.fr\\\/staging\\\/wp-content\\\/uploads\\\/2022\\\/06\\\/Paradox-Logos-25.png\",\"contentUrl\":\"https:\\\/\\\/paradox-larochelle.fr\\\/staging\\\/wp-content\\\/uploads\\\/2022\\\/06\\\/Paradox-Logos-25.png\",\"width\":3110,\"height\":368,\"caption\":\"Paradox La Rochelle\"},\"image\":{\"@id\":\"https:\\\/\\\/paradox-larochelle.fr\\\/#\\\/schema\\\/logo\\\/image\\\/\"}}]}<\/script>\n<!-- \/ Yoast SEO plugin. -->","yoast_head_json":{"title":"BLOG - Paradox Studio La Rochelle | Reformer Yoga Pilates Danse","description":"A travers notre blog Paradox, d\u00e9nichez des conseils mouvement\u00e9s, recettes secr\u00e8tes et les actualit\u00e9s les plus fra\u00eeches de Paradox.","robots":{"index":"noindex","follow":"follow","max-snippet":"max-snippet:-1","max-image-preview":"max-image-preview:large","max-video-preview":"max-video-preview:-1"},"og_locale":"fr_FR","og_type":"article","og_title":"BLOG - Paradox Studio La Rochelle | Reformer Yoga Pilates Danse","og_description":"A travers notre blog Paradox, d\u00e9nichez des conseils mouvement\u00e9s, recettes secr\u00e8tes et les actualit\u00e9s les plus fra\u00eeches de Paradox.","og_url":"https:\/\/paradox-larochelle.fr\/?page_id=49","og_site_name":"Paradox Studio La Rochelle | Reformer Yoga Pilates Danse","article_modified_time":"2025-11-21T15:12:10+00:00","twitter_card":"summary_large_image","twitter_misc":{"Dur\u00e9e de lecture estim\u00e9e":"1 minute"},"schema":{"@context":"https:\/\/schema.org","@graph":[{"@type":"WebPage","@id":"https:\/\/paradox-larochelle.fr\/?page_id=49","url":"https:\/\/paradox-larochelle.fr\/?page_id=49","name":"BLOG - Paradox Studio La Rochelle | Reformer Yoga Pilates Danse","isPartOf":{"@id":"https:\/\/paradox-larochelle.fr\/#website"},"datePublished":"2021-11-10T23:12:52+00:00","dateModified":"2025-11-21T15:12:10+00:00","description":"A travers notre blog Paradox, d\u00e9nichez des conseils mouvement\u00e9s, recettes secr\u00e8tes et les actualit\u00e9s les plus fra\u00eeches de Paradox.","breadcrumb":{"@id":"https:\/\/paradox-larochelle.fr\/?page_id=49#breadcrumb"},"inLanguage":"fr-FR","potentialAction":[{"@type":"ReadAction","target":["https:\/\/paradox-larochelle.fr\/?page_id=49"]}]},{"@type":"BreadcrumbList","@id":"https:\/\/paradox-larochelle.fr\/?page_id=49#breadcrumb","itemListElement":[{"@type":"ListItem","position":1,"name":"Accueil","item":"https:\/\/paradox-larochelle.fr\/"},{"@type":"ListItem","position":2,"name":"BLOG"}]},{"@type":"WebSite","@id":"https:\/\/paradox-larochelle.fr\/#website","url":"https:\/\/paradox-larochelle.fr\/","name":"Paradox Studio La Rochelle | Reformer Yoga Pilates Danse","description":"Reformer, Yoga, Pilates, Danse","publisher":{"@id":"https:\/\/paradox-larochelle.fr\/#organization"},"potentialAction":[{"@type":"SearchAction","target":{"@type":"EntryPoint","urlTemplate":"https:\/\/paradox-larochelle.fr\/?s={search_term_string}"},"query-input":{"@type":"PropertyValueSpecification","valueRequired":true,"valueName":"search_term_string"}}],"inLanguage":"fr-FR"},{"@type":"Organization","@id":"https:\/\/paradox-larochelle.fr\/#organization","name":"Paradox La Rochelle","url":"https:\/\/paradox-larochelle.fr\/","logo":{"@type":"ImageObject","inLanguage":"fr-FR","@id":"https:\/\/paradox-larochelle.fr\/#\/schema\/logo\/image\/","url":"https:\/\/paradox-larochelle.fr\/staging\/wp-content\/uploads\/2022\/06\/Paradox-Logos-25.png","contentUrl":"https:\/\/paradox-larochelle.fr\/staging\/wp-content\/uploads\/2022\/06\/Paradox-Logos-25.png","width":3110,"height":368,"caption":"Paradox La Rochelle"},"image":{"@id":"https:\/\/paradox-larochelle.fr\/#\/schema\/logo\/image\/"}}]}},"_links":{"self":[{"href":"https:\/\/paradox-larochelle.fr\/index.php?rest_route=\/wp\/v2\/pages\/49","targetHints":{"allow":["GET"]}}],"collection":[{"href":"https:\/\/paradox-larochelle.fr\/index.php?rest_route=\/wp\/v2\/pages"}],"about":[{"href":"https:\/\/paradox-larochelle.fr\/index.php?rest_route=\/wp\/v2\/types\/page"}],"author":[{"embeddable":true,"href":"https:\/\/paradox-larochelle.fr\/index.php?rest_route=\/wp\/v2\/users\/1"}],"replies":[{"embeddable":true,"href":"https:\/\/paradox-larochelle.fr\/index.php?rest_route=%2Fwp%2Fv2%2Fcomments&post=49"}],"version-history":[{"count":15,"href":"https:\/\/paradox-larochelle.fr\/index.php?rest_route=\/wp\/v2\/pages\/49\/revisions"}],"predecessor-version":[{"id":1681,"href":"https:\/\/paradox-larochelle.fr\/index.php?rest_route=\/wp\/v2\/pages\/49\/revisions\/1681"}],"wp:attachment":[{"href":"https:\/\/paradox-larochelle.fr\/index.php?rest_route=%2Fwp%2Fv2%2Fmedia&parent=49"}],"curies":[{"name":"wp","href":"https:\/\/api.w.org\/{rel}","templated":true}]}}