{"id":549,"date":"2022-06-29T12:16:42","date_gmt":"2022-06-29T12:16:42","guid":{"rendered":"https:\/\/paradox-larochelle.fr\/?page_id=549"},"modified":"2025-07-11T12:41:30","modified_gmt":"2025-07-11T12:41:30","slug":"planning-des-cours","status":"publish","type":"page","link":"https:\/\/paradox-larochelle.fr\/?page_id=549","title":{"rendered":"PLANNING"},"content":{"rendered":"[vc_row type=\u00a0\u00bbin_container\u00a0\u00bb full_screen_row_position=\u00a0\u00bbmiddle\u00a0\u00bb column_margin=\u00a0\u00bbdefault\u00a0\u00bb column_direction=\u00a0\u00bbdefault\u00a0\u00bb column_direction_tablet=\u00a0\u00bbdefault\u00a0\u00bb column_direction_phone=\u00a0\u00bbdefault\u00a0\u00bb scene_position=\u00a0\u00bbcenter\u00a0\u00bb text_color=\u00a0\u00bbdark\u00a0\u00bb text_align=\u00a0\u00bbleft\u00a0\u00bb row_border_radius=\u00a0\u00bbnone\u00a0\u00bb row_border_radius_applies=\u00a0\u00bbbg\u00a0\u00bb overflow=\u00a0\u00bbvisible\u00a0\u00bb overlay_strength=\u00a0\u00bb0.3&Prime; gradient_direction=\u00a0\u00bbleft_to_right\u00a0\u00bb shape_divider_position=\u00a0\u00bbbottom\u00a0\u00bb bg_image_animation=\u00a0\u00bbnone\u00a0\u00bb][vc_column column_padding=\u00a0\u00bbno-extra-padding\u00a0\u00bb column_padding_tablet=\u00a0\u00bbinherit\u00a0\u00bb column_padding_phone=\u00a0\u00bbinherit\u00a0\u00bb column_padding_position=\u00a0\u00bball\u00a0\u00bb column_element_spacing=\u00a0\u00bbdefault\u00a0\u00bb background_color_opacity=\u00a0\u00bb1&Prime; background_hover_color_opacity=\u00a0\u00bb1&Prime; column_shadow=\u00a0\u00bbnone\u00a0\u00bb column_border_radius=\u00a0\u00bbnone\u00a0\u00bb column_link_target=\u00a0\u00bb_self\u00a0\u00bb column_position=\u00a0\u00bbdefault\u00a0\u00bb gradient_direction=\u00a0\u00bbleft_to_right\u00a0\u00bb overlay_strength=\u00a0\u00bb0.3&Prime; width=\u00a0\u00bb1\/1&Prime; tablet_width_inherit=\u00a0\u00bbdefault\u00a0\u00bb tablet_text_alignment=\u00a0\u00bbdefault\u00a0\u00bb phone_text_alignment=\u00a0\u00bbdefault\u00a0\u00bb animation_type=\u00a0\u00bbdefault\u00a0\u00bb bg_image_animation=\u00a0\u00bbnone\u00a0\u00bb border_type=\u00a0\u00bbsimple\u00a0\u00bb column_border_width=\u00a0\u00bbnone\u00a0\u00bb column_border_style=\u00a0\u00bbsolid\u00a0\u00bb][split_line_heading animation_type=\u00a0\u00bbline-reveal-by-space\u00a0\u00bb font_style=\u00a0\u00bbh1&Prime; line_reveal_by_space_text_effect=\u00a0\u00bbdefault\u00a0\u00bb content_alignment=\u00a0\u00bbdefault\u00a0\u00bb mobile_content_alignment=\u00a0\u00bbinherit\u00a0\u00bb link_target=\u00a0\u00bb_self\u00a0\u00bb text_content=\u00a0\u00bbPLANNING DES STUDIOS\u00a0\u00bb][\/split_line_heading][vc_column_text]<script id=\"insert-bsport-widget-cdn\">!function (b, s, p, o, r, t) { !typeof window.BsportWidget !== \"undefined\" && !document.getElementById(\"bsport-widget-cdn\") && !function () { m = b.createElement(s), m.id = \"bsport-widget-cdn\", m.src = p, b.getElementsByTagName(\"head\")[0].appendChild(m) }() }(document, \"script\", \"https:\/\/cdn.bsport.io\/scripts\/widget.js\")<\/script><br \/>\n<script id=\"bsport-widget-mount\">\n        function MountBsportWidget(config, repeat=1) {\n            if (repeat > 50) { return }\n            if (!window.BsportWidget) {\n                return setTimeout(() => {\n                    MountBsportWidget(config,repeat+1)\n                }, 100 * repeat || 1)\n            }\n            BsportWidget.mount(config)\n        }\n    <\/script><br \/>\n<script>\n        MountBsportWidget({\n                \"parentElement\": \"bsport-widget-295752\",\n                \"companyId\": 1442,\n                \"franchiseId\": null,\n                \"dialogMode\": 1,\n                \"widgetType\": \"calendar\", \n                \"showFab\": false,\n                \"fullScreenPopup\": false,\n                \"styles\":undefined,\n                \"config\": {\n                    \"calendar\": {                \"todayOnly\": false,\n                \"compactMode\": null}\n                }  \n            })\n    <\/script><\/p>\n<div>\n<div id=\"bsport-widget-295752\"><\/div>\n<\/div>\n[\/vc_column_text][\/vc_column][vc_column column_padding=\u00a0\u00bbno-extra-padding\u00a0\u00bb column_padding_tablet=\u00a0\u00bbinherit\u00a0\u00bb column_padding_phone=\u00a0\u00bbinherit\u00a0\u00bb column_padding_position=\u00a0\u00bball\u00a0\u00bb column_element_spacing=\u00a0\u00bbdefault\u00a0\u00bb background_color_opacity=\u00a0\u00bb1&Prime; background_hover_color_opacity=\u00a0\u00bb1&Prime; column_shadow=\u00a0\u00bbnone\u00a0\u00bb column_border_radius=\u00a0\u00bbnone\u00a0\u00bb column_link_target=\u00a0\u00bb_self\u00a0\u00bb column_position=\u00a0\u00bbdefault\u00a0\u00bb gradient_direction=\u00a0\u00bbleft_to_right\u00a0\u00bb overlay_strength=\u00a0\u00bb0.3&Prime; width=\u00a0\u00bb1\/1&Prime; tablet_width_inherit=\u00a0\u00bbdefault\u00a0\u00bb tablet_text_alignment=\u00a0\u00bbdefault\u00a0\u00bb phone_text_alignment=\u00a0\u00bbdefault\u00a0\u00bb animation_type=\u00a0\u00bbdefault\u00a0\u00bb bg_image_animation=\u00a0\u00bbnone\u00a0\u00bb border_type=\u00a0\u00bbsimple\u00a0\u00bb column_border_width=\u00a0\u00bbnone\u00a0\u00bb column_border_style=\u00a0\u00bbsolid\u00a0\u00bb][\/vc_column][\/vc_row]\n","protected":false},"excerpt":{"rendered":"<p>[vc_row type=\u00a0\u00bbin_container\u00a0\u00bb full_screen_row_position=\u00a0\u00bbmiddle\u00a0\u00bb column_margin=\u00a0\u00bbdefault\u00a0\u00bb column_direction=\u00a0\u00bbdefault\u00a0\u00bb column_direction_tablet=\u00a0\u00bbdefault\u00a0\u00bb column_direction_phone=\u00a0\u00bbdefault\u00a0\u00bb scene_position=\u00a0\u00bbcenter\u00a0\u00bb text_color=\u00a0\u00bbdark\u00a0\u00bb text_align=\u00a0\u00bbleft\u00a0\u00bb row_border_radius=\u00a0\u00bbnone\u00a0\u00bb row_border_radius_applies=\u00a0\u00bbbg\u00a0\u00bb overflow=\u00a0\u00bbvisible\u00a0\u00bb overlay_strength=\u00a0\u00bb0.3&Prime; gradient_direction=\u00a0\u00bbleft_to_right\u00a0\u00bb shape_divider_position=\u00a0\u00bbbottom\u00a0\u00bb bg_image_animation=\u00a0\u00bbnone\u00a0\u00bb][vc_column column_padding=\u00a0\u00bbno-extra-padding\u00a0\u00bb column_padding_tablet=\u00a0\u00bbinherit\u00a0\u00bb column_padding_phone=\u00a0\u00bbinherit\u00a0\u00bb column_padding_position=\u00a0\u00bball\u00a0\u00bb column_element_spacing=\u00a0\u00bbdefault\u00a0\u00bb background_color_opacity=\u00a0\u00bb1&Prime; background_hover_color_opacity=\u00a0\u00bb1&Prime; column_shadow=\u00a0\u00bbnone\u00a0\u00bb column_border_radius=\u00a0\u00bbnone\u00a0\u00bb column_link_target=\u00a0\u00bb_self\u00a0\u00bb column_position=\u00a0\u00bbdefault\u00a0\u00bb gradient_direction=\u00a0\u00bbleft_to_right\u00a0\u00bb overlay_strength=\u00a0\u00bb0.3&Prime;&#8230;<\/p>\n","protected":false},"author":1,"featured_media":0,"parent":0,"menu_order":0,"comment_status":"closed","ping_status":"closed","template":"","meta":{"footnotes":""},"class_list":["post-549","page","type-page","status-publish"],"yoast_head":"<!-- This site is optimized with the Yoast SEO plugin v27.3 - https:\/\/yoast.com\/product\/yoast-seo-wordpress\/ -->\n<title>PLANNING - Paradox Studio La Rochelle | Reformer Yoga Pilates Danse<\/title>\n<meta name=\"description\" content=\"Le studio Paradox te propose des disciplines vari\u00e9es. Chaque session est une exp\u00e9rience unique concoct\u00e9e par les professeurs du crew Paradox.\" \/>\n<meta name=\"robots\" content=\"noindex, follow, max-snippet:-1, max-image-preview:large, max-video-preview:-1\" \/>\n<meta property=\"og:locale\" content=\"fr_FR\" \/>\n<meta property=\"og:type\" content=\"article\" \/>\n<meta property=\"og:title\" content=\"PLANNING - Paradox Studio La Rochelle | Reformer Yoga Pilates Danse\" \/>\n<meta property=\"og:description\" content=\"Le studio Paradox te propose des disciplines vari\u00e9es. Chaque session est une exp\u00e9rience unique concoct\u00e9e par les professeurs du crew Paradox.\" \/>\n<meta property=\"og:url\" content=\"https:\/\/paradox-larochelle.fr\/?page_id=549\" \/>\n<meta property=\"og:site_name\" content=\"Paradox Studio La Rochelle | Reformer Yoga Pilates Danse\" \/>\n<meta property=\"article:modified_time\" content=\"2025-07-11T12:41:30+00:00\" \/>\n<meta name=\"twitter:card\" content=\"summary_large_image\" \/>\n<meta name=\"twitter:label1\" content=\"Dur\u00e9e de lecture estim\u00e9e\" \/>\n\t<meta name=\"twitter:data1\" content=\"1 minute\" \/>\n<script type=\"application\/ld+json\" class=\"yoast-schema-graph\">{\"@context\":\"https:\\\/\\\/schema.org\",\"@graph\":[{\"@type\":\"WebPage\",\"@id\":\"https:\\\/\\\/paradox-larochelle.fr\\\/?page_id=549\",\"url\":\"https:\\\/\\\/paradox-larochelle.fr\\\/?page_id=549\",\"name\":\"PLANNING - Paradox Studio La Rochelle | Reformer Yoga Pilates Danse\",\"isPartOf\":{\"@id\":\"https:\\\/\\\/paradox-larochelle.fr\\\/#website\"},\"datePublished\":\"2022-06-29T12:16:42+00:00\",\"dateModified\":\"2025-07-11T12:41:30+00:00\",\"description\":\"Le studio Paradox te propose des disciplines vari\u00e9es. Chaque session est une exp\u00e9rience unique concoct\u00e9e par les professeurs du crew Paradox.\",\"breadcrumb\":{\"@id\":\"https:\\\/\\\/paradox-larochelle.fr\\\/?page_id=549#breadcrumb\"},\"inLanguage\":\"fr-FR\",\"potentialAction\":[{\"@type\":\"ReadAction\",\"target\":[\"https:\\\/\\\/paradox-larochelle.fr\\\/?page_id=549\"]}]},{\"@type\":\"BreadcrumbList\",\"@id\":\"https:\\\/\\\/paradox-larochelle.fr\\\/?page_id=549#breadcrumb\",\"itemListElement\":[{\"@type\":\"ListItem\",\"position\":1,\"name\":\"Accueil\",\"item\":\"https:\\\/\\\/paradox-larochelle.fr\\\/\"},{\"@type\":\"ListItem\",\"position\":2,\"name\":\"PLANNING\"}]},{\"@type\":\"WebSite\",\"@id\":\"https:\\\/\\\/paradox-larochelle.fr\\\/#website\",\"url\":\"https:\\\/\\\/paradox-larochelle.fr\\\/\",\"name\":\"Paradox Studio La Rochelle | Reformer Yoga Pilates Danse\",\"description\":\"Reformer, Yoga, Pilates, Danse\",\"publisher\":{\"@id\":\"https:\\\/\\\/paradox-larochelle.fr\\\/#organization\"},\"potentialAction\":[{\"@type\":\"SearchAction\",\"target\":{\"@type\":\"EntryPoint\",\"urlTemplate\":\"https:\\\/\\\/paradox-larochelle.fr\\\/?s={search_term_string}\"},\"query-input\":{\"@type\":\"PropertyValueSpecification\",\"valueRequired\":true,\"valueName\":\"search_term_string\"}}],\"inLanguage\":\"fr-FR\"},{\"@type\":\"Organization\",\"@id\":\"https:\\\/\\\/paradox-larochelle.fr\\\/#organization\",\"name\":\"Paradox La Rochelle\",\"url\":\"https:\\\/\\\/paradox-larochelle.fr\\\/\",\"logo\":{\"@type\":\"ImageObject\",\"inLanguage\":\"fr-FR\",\"@id\":\"https:\\\/\\\/paradox-larochelle.fr\\\/#\\\/schema\\\/logo\\\/image\\\/\",\"url\":\"https:\\\/\\\/paradox-larochelle.fr\\\/staging\\\/wp-content\\\/uploads\\\/2022\\\/06\\\/Paradox-Logos-25.png\",\"contentUrl\":\"https:\\\/\\\/paradox-larochelle.fr\\\/staging\\\/wp-content\\\/uploads\\\/2022\\\/06\\\/Paradox-Logos-25.png\",\"width\":3110,\"height\":368,\"caption\":\"Paradox La Rochelle\"},\"image\":{\"@id\":\"https:\\\/\\\/paradox-larochelle.fr\\\/#\\\/schema\\\/logo\\\/image\\\/\"}}]}<\/script>\n<!-- \/ Yoast SEO plugin. -->","yoast_head_json":{"title":"PLANNING - Paradox Studio La Rochelle | Reformer Yoga Pilates Danse","description":"Le studio Paradox te propose des disciplines vari\u00e9es. Chaque session est une exp\u00e9rience unique concoct\u00e9e par les professeurs du crew Paradox.","robots":{"index":"noindex","follow":"follow","max-snippet":"max-snippet:-1","max-image-preview":"max-image-preview:large","max-video-preview":"max-video-preview:-1"},"og_locale":"fr_FR","og_type":"article","og_title":"PLANNING - Paradox Studio La Rochelle | Reformer Yoga Pilates Danse","og_description":"Le studio Paradox te propose des disciplines vari\u00e9es. Chaque session est une exp\u00e9rience unique concoct\u00e9e par les professeurs du crew Paradox.","og_url":"https:\/\/paradox-larochelle.fr\/?page_id=549","og_site_name":"Paradox Studio La Rochelle | Reformer Yoga Pilates Danse","article_modified_time":"2025-07-11T12:41:30+00:00","twitter_card":"summary_large_image","twitter_misc":{"Dur\u00e9e de lecture estim\u00e9e":"1 minute"},"schema":{"@context":"https:\/\/schema.org","@graph":[{"@type":"WebPage","@id":"https:\/\/paradox-larochelle.fr\/?page_id=549","url":"https:\/\/paradox-larochelle.fr\/?page_id=549","name":"PLANNING - Paradox Studio La Rochelle | Reformer Yoga Pilates Danse","isPartOf":{"@id":"https:\/\/paradox-larochelle.fr\/#website"},"datePublished":"2022-06-29T12:16:42+00:00","dateModified":"2025-07-11T12:41:30+00:00","description":"Le studio Paradox te propose des disciplines vari\u00e9es. Chaque session est une exp\u00e9rience unique concoct\u00e9e par les professeurs du crew Paradox.","breadcrumb":{"@id":"https:\/\/paradox-larochelle.fr\/?page_id=549#breadcrumb"},"inLanguage":"fr-FR","potentialAction":[{"@type":"ReadAction","target":["https:\/\/paradox-larochelle.fr\/?page_id=549"]}]},{"@type":"BreadcrumbList","@id":"https:\/\/paradox-larochelle.fr\/?page_id=549#breadcrumb","itemListElement":[{"@type":"ListItem","position":1,"name":"Accueil","item":"https:\/\/paradox-larochelle.fr\/"},{"@type":"ListItem","position":2,"name":"PLANNING"}]},{"@type":"WebSite","@id":"https:\/\/paradox-larochelle.fr\/#website","url":"https:\/\/paradox-larochelle.fr\/","name":"Paradox Studio La Rochelle | Reformer Yoga Pilates Danse","description":"Reformer, Yoga, Pilates, Danse","publisher":{"@id":"https:\/\/paradox-larochelle.fr\/#organization"},"potentialAction":[{"@type":"SearchAction","target":{"@type":"EntryPoint","urlTemplate":"https:\/\/paradox-larochelle.fr\/?s={search_term_string}"},"query-input":{"@type":"PropertyValueSpecification","valueRequired":true,"valueName":"search_term_string"}}],"inLanguage":"fr-FR"},{"@type":"Organization","@id":"https:\/\/paradox-larochelle.fr\/#organization","name":"Paradox La Rochelle","url":"https:\/\/paradox-larochelle.fr\/","logo":{"@type":"ImageObject","inLanguage":"fr-FR","@id":"https:\/\/paradox-larochelle.fr\/#\/schema\/logo\/image\/","url":"https:\/\/paradox-larochelle.fr\/staging\/wp-content\/uploads\/2022\/06\/Paradox-Logos-25.png","contentUrl":"https:\/\/paradox-larochelle.fr\/staging\/wp-content\/uploads\/2022\/06\/Paradox-Logos-25.png","width":3110,"height":368,"caption":"Paradox La Rochelle"},"image":{"@id":"https:\/\/paradox-larochelle.fr\/#\/schema\/logo\/image\/"}}]}},"_links":{"self":[{"href":"https:\/\/paradox-larochelle.fr\/index.php?rest_route=\/wp\/v2\/pages\/549","targetHints":{"allow":["GET"]}}],"collection":[{"href":"https:\/\/paradox-larochelle.fr\/index.php?rest_route=\/wp\/v2\/pages"}],"about":[{"href":"https:\/\/paradox-larochelle.fr\/index.php?rest_route=\/wp\/v2\/types\/page"}],"author":[{"embeddable":true,"href":"https:\/\/paradox-larochelle.fr\/index.php?rest_route=\/wp\/v2\/users\/1"}],"replies":[{"embeddable":true,"href":"https:\/\/paradox-larochelle.fr\/index.php?rest_route=%2Fwp%2Fv2%2Fcomments&post=549"}],"version-history":[{"count":6,"href":"https:\/\/paradox-larochelle.fr\/index.php?rest_route=\/wp\/v2\/pages\/549\/revisions"}],"predecessor-version":[{"id":1568,"href":"https:\/\/paradox-larochelle.fr\/index.php?rest_route=\/wp\/v2\/pages\/549\/revisions\/1568"}],"wp:attachment":[{"href":"https:\/\/paradox-larochelle.fr\/index.php?rest_route=%2Fwp%2Fv2%2Fmedia&parent=549"}],"curies":[{"name":"wp","href":"https:\/\/api.w.org\/{rel}","templated":true}]}}